{"id":86,"date":"2014-12-18T09:02:57","date_gmt":"2014-12-18T09:02:57","guid":{"rendered":"http:\/\/www.fil-info-francophonie.com\/?page_id=86"},"modified":"2019-12-01T19:19:42","modified_gmt":"2019-12-01T19:19:42","slug":"a-propos","status":"publish","type":"page","link":"https:\/\/www.fil-info-francophonie.com\/?page_id=86","title":{"rendered":"A propos"},"content":{"rendered":"<p>Fil info francophonie est un blog de r\u00e9flexions sur la Francophonie protestante<\/p>\n<p>Les contenus du blog sont fournis par S\u00e9bastien Fath (GSRL, CNRS), chercheur en Sciences sociales.<\/p>\n<p>Agr\u00e9g\u00e9 d&rsquo;histoire, ancien \u00e9l\u00e8ve de l&rsquo;Ecole Normale Sup\u00e9rieure Lettres Sciences Humaines (LSE), docteur de l&rsquo;EPHE, S\u00e9bastien Fath est chercheur au CNRS, membre du Groupe Soci\u00e9t\u00e9s Religions La\u00efcit\u00e9s dont il est directeur depuis le 1er janvier 2019.<\/p>\n","protected":false},"excerpt":{"rendered":"<p>Fil info francophonie est un blog de r\u00e9flexions sur la Francophonie protestante Les contenus du blog sont fournis par S\u00e9bastien Fath (GSRL, CNRS), chercheur en Sciences sociales. Agr\u00e9g\u00e9 d&rsquo;histoire, ancien \u00e9l\u00e8ve de l&rsquo;Ecole Normale Sup\u00e9rieure Lettres Sciences Humaines (LSE), docteur de l&rsquo;EPHE, S\u00e9bastien Fath est chercheur au CNRS, membre du Groupe Soci\u00e9t\u00e9s Religions La\u00efcit\u00e9s dont [&hellip;]<\/p>\n","protected":false},"author":2,"featured_media":0,"parent":0,"menu_order":0,"comment_status":"closed","ping_status":"closed","template":"","meta":[],"_links":{"self":[{"href":"https:\/\/www.fil-info-francophonie.com\/index.php?rest_route=\/wp\/v2\/pages\/86"}],"collection":[{"href":"https:\/\/www.fil-info-francophonie.com\/index.php?rest_route=\/wp\/v2\/pages"}],"about":[{"href":"https:\/\/www.fil-info-francophonie.com\/index.php?rest_route=\/wp\/v2\/types\/page"}],"author":[{"embeddable":true,"href":"https:\/\/www.fil-info-francophonie.com\/index.php?rest_route=\/wp\/v2\/users\/2"}],"replies":[{"embeddable":true,"href":"https:\/\/www.fil-info-francophonie.com\/index.php?rest_route=%2Fwp%2Fv2%2Fcomments&post=86"}],"version-history":[{"count":2,"href":"https:\/\/www.fil-info-francophonie.com\/index.php?rest_route=\/wp\/v2\/pages\/86\/revisions"}],"predecessor-version":[{"id":762,"href":"https:\/\/www.fil-info-francophonie.com\/index.php?rest_route=\/wp\/v2\/pages\/86\/revisions\/762"}],"wp:attachment":[{"href":"https:\/\/www.fil-info-francophonie.com\/index.php?rest_route=%2Fwp%2Fv2%2Fmedia&parent=86"}],"curies":[{"name":"wp","href":"https:\/\/api.w.org\/{rel}","templated":true}]}}